{"id":6717,"date":"2024-04-21T09:42:55","date_gmt":"2024-04-21T09:42:55","guid":{"rendered":"https:\/\/dtlslimousine.com\/luxury-transportation\/"},"modified":"2024-06-12T19:23:55","modified_gmt":"2024-06-12T19:23:55","slug":"luks-ulasim","status":"publish","type":"page","link":"https:\/\/www.dtlslimousine.com\/tr\/luks-ulasim\/","title":{"rendered":"L\u00fcks Ula\u015f\u0131m"},"content":{"rendered":"","protected":false},"excerpt":{"rendered":"","protected":false},"author":3,"featured_media":0,"parent":0,"menu_order":0,"comment_status":"closed","ping_status":"closed","template":"","meta":{"footnotes":""},"class_list":["post-6717","page","type-page","status-publish","hentry"],"yoast_head":"<!-- This site is optimized with the Yoast SEO plugin v27.4 - https:\/\/yoast.com\/product\/yoast-seo-wordpress\/ -->\n<title>L\u00fcks Ula\u015f\u0131m - DTLS<\/title>\n<meta name=\"robots\" content=\"index, follow, max-snippet:-1, max-image-preview:large, max-video-preview:-1\" \/>\n<link rel=\"canonical\" href=\"https:\/\/www.dtlslimousine.com\/tr\/luks-ulasim\/\" \/>\n<meta property=\"og:locale\" content=\"tr_TR\" \/>\n<meta property=\"og:type\" content=\"article\" \/>\n<meta property=\"og:title\" content=\"L\u00fcks Ula\u015f\u0131m - DTLS\" \/>\n<meta property=\"og:url\" content=\"https:\/\/www.dtlslimousine.com\/tr\/luks-ulasim\/\" \/>\n<meta property=\"og:site_name\" content=\"DTLS\" \/>\n<meta property=\"article:modified_time\" content=\"2024-06-12T19:23:55+00:00\" \/>\n<meta name=\"twitter:card\" content=\"summary_large_image\" \/>\n<script type=\"application\/ld+json\" class=\"yoast-schema-graph\">{\"@context\":\"https:\\\/\\\/schema.org\",\"@graph\":[{\"@type\":\"WebPage\",\"@id\":\"https:\\\/\\\/www.dtlslimousine.com\\\/tr\\\/luks-ulasim\\\/\",\"url\":\"https:\\\/\\\/www.dtlslimousine.com\\\/tr\\\/luks-ulasim\\\/\",\"name\":\"L\u00fcks Ula\u015f\u0131m - DTLS\",\"isPartOf\":{\"@id\":\"https:\\\/\\\/www.dtlslimousine.com\\\/#website\"},\"datePublished\":\"2024-04-21T09:42:55+00:00\",\"dateModified\":\"2024-06-12T19:23:55+00:00\",\"breadcrumb\":{\"@id\":\"https:\\\/\\\/www.dtlslimousine.com\\\/tr\\\/luks-ulasim\\\/#breadcrumb\"},\"inLanguage\":\"tr\",\"potentialAction\":[{\"@type\":\"ReadAction\",\"target\":[\"https:\\\/\\\/www.dtlslimousine.com\\\/tr\\\/luks-ulasim\\\/\"]}]},{\"@type\":\"BreadcrumbList\",\"@id\":\"https:\\\/\\\/www.dtlslimousine.com\\\/tr\\\/luks-ulasim\\\/#breadcrumb\",\"itemListElement\":[{\"@type\":\"ListItem\",\"position\":1,\"name\":\"Home\",\"item\":\"https:\\\/\\\/www.dtlslimousine.com\\\/tr\\\/\"},{\"@type\":\"ListItem\",\"position\":2,\"name\":\"L\u00fcks Ula\u015f\u0131m\"}]},{\"@type\":\"WebSite\",\"@id\":\"https:\\\/\\\/www.dtlslimousine.com\\\/#website\",\"url\":\"https:\\\/\\\/www.dtlslimousine.com\\\/\",\"name\":\"DTLS\",\"description\":\"\",\"potentialAction\":[{\"@type\":\"SearchAction\",\"target\":{\"@type\":\"EntryPoint\",\"urlTemplate\":\"https:\\\/\\\/www.dtlslimousine.com\\\/?s={search_term_string}\"},\"query-input\":{\"@type\":\"PropertyValueSpecification\",\"valueRequired\":true,\"valueName\":\"search_term_string\"}}],\"inLanguage\":\"tr\"}]}<\/script>\n<!-- \/ Yoast SEO plugin. -->","yoast_head_json":{"title":"L\u00fcks Ula\u015f\u0131m - DTLS","robots":{"index":"index","follow":"follow","max-snippet":"max-snippet:-1","max-image-preview":"max-image-preview:large","max-video-preview":"max-video-preview:-1"},"canonical":"https:\/\/www.dtlslimousine.com\/tr\/luks-ulasim\/","og_locale":"tr_TR","og_type":"article","og_title":"L\u00fcks Ula\u015f\u0131m - DTLS","og_url":"https:\/\/www.dtlslimousine.com\/tr\/luks-ulasim\/","og_site_name":"DTLS","article_modified_time":"2024-06-12T19:23:55+00:00","twitter_card":"summary_large_image","schema":{"@context":"https:\/\/schema.org","@graph":[{"@type":"WebPage","@id":"https:\/\/www.dtlslimousine.com\/tr\/luks-ulasim\/","url":"https:\/\/www.dtlslimousine.com\/tr\/luks-ulasim\/","name":"L\u00fcks Ula\u015f\u0131m - DTLS","isPartOf":{"@id":"https:\/\/www.dtlslimousine.com\/#website"},"datePublished":"2024-04-21T09:42:55+00:00","dateModified":"2024-06-12T19:23:55+00:00","breadcrumb":{"@id":"https:\/\/www.dtlslimousine.com\/tr\/luks-ulasim\/#breadcrumb"},"inLanguage":"tr","potentialAction":[{"@type":"ReadAction","target":["https:\/\/www.dtlslimousine.com\/tr\/luks-ulasim\/"]}]},{"@type":"BreadcrumbList","@id":"https:\/\/www.dtlslimousine.com\/tr\/luks-ulasim\/#breadcrumb","itemListElement":[{"@type":"ListItem","position":1,"name":"Home","item":"https:\/\/www.dtlslimousine.com\/tr\/"},{"@type":"ListItem","position":2,"name":"L\u00fcks Ula\u015f\u0131m"}]},{"@type":"WebSite","@id":"https:\/\/www.dtlslimousine.com\/#website","url":"https:\/\/www.dtlslimousine.com\/","name":"DTLS","description":"","potentialAction":[{"@type":"SearchAction","target":{"@type":"EntryPoint","urlTemplate":"https:\/\/www.dtlslimousine.com\/?s={search_term_string}"},"query-input":{"@type":"PropertyValueSpecification","valueRequired":true,"valueName":"search_term_string"}}],"inLanguage":"tr"}]}},"_links":{"self":[{"href":"https:\/\/www.dtlslimousine.com\/tr\/wp-json\/wp\/v2\/pages\/6717","targetHints":{"allow":["GET"]}}],"collection":[{"href":"https:\/\/www.dtlslimousine.com\/tr\/wp-json\/wp\/v2\/pages"}],"about":[{"href":"https:\/\/www.dtlslimousine.com\/tr\/wp-json\/wp\/v2\/types\/page"}],"author":[{"embeddable":true,"href":"https:\/\/www.dtlslimousine.com\/tr\/wp-json\/wp\/v2\/users\/3"}],"replies":[{"embeddable":true,"href":"https:\/\/www.dtlslimousine.com\/tr\/wp-json\/wp\/v2\/comments?post=6717"}],"version-history":[{"count":8,"href":"https:\/\/www.dtlslimousine.com\/tr\/wp-json\/wp\/v2\/pages\/6717\/revisions"}],"predecessor-version":[{"id":6809,"href":"https:\/\/www.dtlslimousine.com\/tr\/wp-json\/wp\/v2\/pages\/6717\/revisions\/6809"}],"wp:attachment":[{"href":"https:\/\/www.dtlslimousine.com\/tr\/wp-json\/wp\/v2\/media?parent=6717"}],"curies":[{"name":"wp","href":"https:\/\/api.w.org\/{rel}","templated":true}]}}